{"id":401,"date":"2021-02-18T13:24:53","date_gmt":"2021-02-18T12:24:53","guid":{"rendered":"https:\/\/bougainvilleaibiza.com\/?page_id=401"},"modified":"2021-03-16T11:14:34","modified_gmt":"2021-03-16T10:14:34","slug":"cookie-policy","status":"publish","type":"page","link":"https:\/\/bougainvilleaibiza.com\/fr\/cookie-policy\/","title":{"rendered":"Politique relative aux cookies"},"content":{"rendered":"<p><\/p>\n<div class=\"fusion-text\">\n<h3 data-fontsize=\"18\" data-lineheight=\"23\">Comment nous utilisons les cookies pour am\u00e9liorer votre exp\u00e9rience de navigation sur ce site Web.<\/h3>\n<\/div>\n<div class=\"fusion-text\">\n<p>Dans cette politique de cookies, toute utilisation des mots \u00abvous\u00bb, \u00abv\u00f4tre\u00bb ou des expressions similaires signifiera n&rsquo;importe quel utilisateur de ce site Web. Des termes tels que \u00abnous\u00bb, \u00abnotre\u00bb, \u00abnotre\u00bb ou des expressions similaires signifieront Bougainvillea Ibiza SL.<\/p>\n<p>Les cookies sont de petits \u00e9l\u00e9ments d&rsquo;information que votre navigateur stocke sur le disque dur de votre ordinateur. Ils sont souvent utilis\u00e9s comme un m\u00e9canisme permettant aux sites Web de m\u00e9moriser des informations utiles, telles que vos informations de connexion, et peuvent contribuer \u00e0 la facilit\u00e9 d&rsquo;utilisation lors de la navigation sur un site Web. Nos cookies ne peuvent pas vous identifier personnellement.<\/p>\n<p>Pour plus d&rsquo;informations sur les cookies en g\u00e9n\u00e9ral,\u00a0<a href=\"http:\/\/www.whatarecookies.com\/\" target=\"_blank\" rel=\"noopener noreferrer\">cliquez ici<\/a>.<\/p>\n<\/div>\n<div class=\"fusion-text\">\n<h3 data-fontsize=\"18\" data-lineheight=\"23\">COMMENT NOUS UTILISONS LES COOKIES<\/h3>\n<\/div>\n<div class=\"fusion-text\">\n<p>Les cookies sur notre site Web sont utilis\u00e9s \u00e0 des fins diff\u00e9rentes, mais leur utilisation entre g\u00e9n\u00e9ralement dans les cat\u00e9gories suivantes:<\/p>\n<ul>\n<li>Cookies strictement n\u00e9cessaires: ils sont n\u00e9cessaires au fonctionnement de notre site Web. Ils incluent, par exemple, des cookies qui vous permettent de vous connecter \u00e0 des zones s\u00e9curis\u00e9es de notre site Web.<\/li>\n<li>Cookies analytiques \/ de performance: ils nous permettent de reconna\u00eetre et de compter le nombre d&rsquo;utilisateurs de notre site Web et de voir comment ces utilisateurs naviguent sur notre site Web. Cela contribue \u00e0 am\u00e9liorer le fonctionnement de notre site Web, par exemple en veillant \u00e0 ce que les utilisateurs puissent trouver facilement ce qu&rsquo;ils recherchent.<\/li>\n<li>Cookies de fonctionnalit\u00e9: ils am\u00e9liorent les performances fonctionnelles de notre site Internet et facilitent son utilisation. Par exemple, ces cookies sont utilis\u00e9s pour vous rappeler que vous avez pr\u00e9c\u00e9demment visit\u00e9 le site Web et vous avez demand\u00e9 de rester connect\u00e9, ou votre pr\u00e9f\u00e9rence de langue.<\/li>\n<\/ul>\n<p>Le tableau suivant r\u00e9pertorie l&rsquo;utilisation des cookies sur notre site Web:<\/p>\n<\/div>\n<div class=\"fusion-text\">\n<h3 data-fontsize=\"18\" data-lineheight=\"23\">GESTI\u00d3N DE COOKIES<\/h3>\n<\/div>\n<div class=\"table-1\">\n<table width=\"100%\">\n<thead>\n<tr>\n<th align=\"left\">Nombre de los cookies<\/th>\n<th align=\"left\">Prop\u00f3sito<\/th>\n<\/tr>\n<\/thead>\n<tbody>\n<tr>\n<td align=\"left\">_ga<br \/>\n_gat<br \/>\n_gads<br \/>\n_dc_gtm_UA\u2026<\/td>\n<td align=\"left\">Estas cookies son utilizadas por Google Analytics nos permiten rastrear an\u00f3nimamente c\u00f3mo los visitantes acceden y navegan en nuestro sitio web, lo que nos permite optimizar y mejorar nuestro servicio. M\u00e1s informaci\u00f3n est\u00e1 disponible en:\u00a0<a href=\"https:\/\/policies.google.com\/privacy?hl=es\" target=\"_blank\" rel=\"noopener noreferrer\">Resumen de privacidad de Google<\/a><\/td>\n<\/tr>\n<tr>\n<td align=\"left\">pll_language<\/td>\n<td align=\"left\">Esta cookie almacena el c\u00f3digo que necesita para guardar su preferencia de idioma cuando navega por nuestro sitio.<\/td>\n<\/tr>\n<tr>\n<td align=\"left\">VISITOR_INFO1_LIVE<br \/>\nGPS<br \/>\nPREF<br \/>\nYSC<\/td>\n<td align=\"left\">Estas cookies son utilizadas por YouTube (Google) para almacenar las preferencias del usuario y otros fines no especificados. M\u00e1s informaci\u00f3n est\u00e1 disponible en:\u00a0<a href=\"https:\/\/policies.google.com\/privacy?hl=es\" target=\"_blank\" rel=\"noopener noreferrer\">https:\/\/policies.google.com\/privacy<\/a><\/td>\n<\/tr>\n<\/tbody>\n<\/table>\n<\/div>\n<p><\/p>","protected":false},"excerpt":{"rendered":"<p>Comment nous utilisons les cookies pour am\u00e9liorer votre exp\u00e9rience de navigation sur ce site Web. Dans cette politique de cookies, toute utilisation des mots \u00abvous\u00bb, \u00abv\u00f4tre\u00bb ou des expressions similaires signifiera n&rsquo;importe quel utilisateur de ce site Web. Des termes tels que \u00abnous\u00bb, \u00abnotre\u00bb, \u00abnotre\u00bb ou des expressions similaires signifieront Bougainvillea Ibiza SL. Les cookies [&hellip;]<\/p>\n","protected":false},"author":1,"featured_media":0,"parent":0,"menu_order":500,"comment_status":"closed","ping_status":"closed","template":"","meta":{"footnotes":""},"class_list":["post-401","page","type-page","status-publish","hentry"],"acf":[],"_links":{"self":[{"href":"https:\/\/bougainvilleaibiza.com\/fr\/wp-json\/wp\/v2\/pages\/401","targetHints":{"allow":["GET"]}}],"collection":[{"href":"https:\/\/bougainvilleaibiza.com\/fr\/wp-json\/wp\/v2\/pages"}],"about":[{"href":"https:\/\/bougainvilleaibiza.com\/fr\/wp-json\/wp\/v2\/types\/page"}],"author":[{"embeddable":true,"href":"https:\/\/bougainvilleaibiza.com\/fr\/wp-json\/wp\/v2\/users\/1"}],"replies":[{"embeddable":true,"href":"https:\/\/bougainvilleaibiza.com\/fr\/wp-json\/wp\/v2\/comments?post=401"}],"version-history":[{"count":2,"href":"https:\/\/bougainvilleaibiza.com\/fr\/wp-json\/wp\/v2\/pages\/401\/revisions"}],"predecessor-version":[{"id":611,"href":"https:\/\/bougainvilleaibiza.com\/fr\/wp-json\/wp\/v2\/pages\/401\/revisions\/611"}],"wp:attachment":[{"href":"https:\/\/bougainvilleaibiza.com\/fr\/wp-json\/wp\/v2\/media?parent=401"}],"curies":[{"name":"wp","href":"https:\/\/api.w.org\/{rel}","templated":true}]}}