{"id":399,"date":"2021-02-18T13:21:17","date_gmt":"2021-02-18T12:21:17","guid":{"rendered":"https:\/\/bougainvilleaibiza.com\/?page_id=399"},"modified":"2021-04-21T18:15:35","modified_gmt":"2021-04-21T16:15:35","slug":"disclaimer","status":"publish","type":"page","link":"https:\/\/bougainvilleaibiza.com\/fr\/disclaimer\/","title":{"rendered":"Avertissement"},"content":{"rendered":"<p><\/p>\n<h3>Responsabilit\u00e9 pour le contenu<\/h3>\n<p>En tant que fournisseurs de services, nous sommes responsables du contenu de ces sites Web. Cependant, les fournisseurs de services ne sont pas oblig\u00e9s de surveiller en permanence les informations soumises ou stock\u00e9es ou de rechercher des preuves indiquant des activit\u00e9s ill\u00e9gales.<\/p>\n<p>Les obligations l\u00e9gales de supprimer des informations ou de bloquer l&rsquo;utilisation des informations restent incontest\u00e9es. Dans ce cas, la responsabilit\u00e9 est seulement possible au moment de la connaissance d&rsquo;une violation sp\u00e9cifique de la loi. Les contenus ill\u00e9gaux seront supprim\u00e9s imm\u00e9diatement au moment o\u00f9 nous en aurons connaissance.<\/p>\n<h3>Responsabilit\u00e9 pour les liens<\/h3>\n<p>Notre offre comprend des liens vers des sites tiers externes. Nous n&rsquo;avons aucune influence sur le contenu de ces sites, nous ne pouvons donc pas garantir ces contenus. Les fournisseurs ou les administrateurs de sites Web li\u00e9s sont toujours responsables de leurs propres contenus.<\/p>\n<p>Les sites Web li\u00e9s ont \u00e9t\u00e9 v\u00e9rifi\u00e9s pour d&rsquo;\u00e9ventuelles violations de la loi au moment de l&rsquo;\u00e9tablissement du lien. Le contenu ill\u00e9gal n&rsquo;a pas \u00e9t\u00e9 d\u00e9tect\u00e9 au moment de la liaison. Un contr\u00f4le permanent du contenu des sites Web li\u00e9s ne peut \u00eatre impos\u00e9 sans indications raisonnables qu&rsquo;il y a eu violation de la loi. Les liens ill\u00e9gaux seront supprim\u00e9s imm\u00e9diatement au moment o\u00f9 nous en aurons connaissance.<\/p>\n<h3>Droits d&rsquo;auteur<\/h3>\n<p>Les contenus et les compilations publi\u00e9s sur ces sites par les fournisseurs sont soumis aux lois espagnoles sur les droits d&rsquo;auteur. La reproduction, l&rsquo;\u00e9dition, la distribution ainsi que l&rsquo;utilisation de toute sorte en dehors de la port\u00e9e de la loi sur les droits d&rsquo;auteur n\u00e9cessitent une autorisation \u00e9crite de l&rsquo;auteur ou de l&rsquo;auteur. Les t\u00e9l\u00e9chargements et les copies de ces sites Web sont autoris\u00e9s pour un usage priv\u00e9 uniquement.<br \/>\nL&rsquo;utilisation commerciale de nos contenus sans l&rsquo;autorisation de l&rsquo;auteur est interdite.<\/p>\n<p>Les lois de copyright des tiers sont respect\u00e9es tant que le contenu de ces sites ne provient pas du fournisseur. Les contributions de tiers sur ce site sont indiqu\u00e9es comme telles. Cependant, si vous remarquez des violations de la loi sur les droits d&rsquo;auteur, veuillez nous en informer. Ces contenus seront supprim\u00e9s imm\u00e9diatement.<\/p>","protected":false},"excerpt":{"rendered":"<p>Responsabilit\u00e9 pour le contenu En tant que fournisseurs de services, nous sommes responsables du contenu de ces sites Web. Cependant, les fournisseurs de services ne sont pas oblig\u00e9s de surveiller en permanence les informations soumises ou stock\u00e9es ou de rechercher des preuves indiquant des activit\u00e9s ill\u00e9gales. Les obligations l\u00e9gales de supprimer des informations ou de [&hellip;]<\/p>\n","protected":false},"author":1,"featured_media":0,"parent":0,"menu_order":500,"comment_status":"closed","ping_status":"closed","template":"","meta":{"footnotes":""},"class_list":["post-399","page","type-page","status-publish","hentry"],"acf":[],"_links":{"self":[{"href":"https:\/\/bougainvilleaibiza.com\/fr\/wp-json\/wp\/v2\/pages\/399","targetHints":{"allow":["GET"]}}],"collection":[{"href":"https:\/\/bougainvilleaibiza.com\/fr\/wp-json\/wp\/v2\/pages"}],"about":[{"href":"https:\/\/bougainvilleaibiza.com\/fr\/wp-json\/wp\/v2\/types\/page"}],"author":[{"embeddable":true,"href":"https:\/\/bougainvilleaibiza.com\/fr\/wp-json\/wp\/v2\/users\/1"}],"replies":[{"embeddable":true,"href":"https:\/\/bougainvilleaibiza.com\/fr\/wp-json\/wp\/v2\/comments?post=399"}],"version-history":[{"count":4,"href":"https:\/\/bougainvilleaibiza.com\/fr\/wp-json\/wp\/v2\/pages\/399\/revisions"}],"predecessor-version":[{"id":676,"href":"https:\/\/bougainvilleaibiza.com\/fr\/wp-json\/wp\/v2\/pages\/399\/revisions\/676"}],"wp:attachment":[{"href":"https:\/\/bougainvilleaibiza.com\/fr\/wp-json\/wp\/v2\/media?parent=399"}],"curies":[{"name":"wp","href":"https:\/\/api.w.org\/{rel}","templated":true}]}}