{"id":373,"date":"2021-02-15T19:07:46","date_gmt":"2021-02-15T18:07:46","guid":{"rendered":"https:\/\/bougainvilleaibiza.com\/?page_id=373"},"modified":"2021-04-21T18:13:33","modified_gmt":"2021-04-21T16:13:33","slug":"legal-note","status":"publish","type":"page","link":"https:\/\/bougainvilleaibiza.com\/fr\/legal-note\/","title":{"rendered":"Empreinte"},"content":{"rendered":"<p>Bougainvillea Ibiza SL<br \/>\nBartolome Vicente Ramon, 10<br \/>\n07800 Ibiza<br \/>\nIlles Baleares<\/p>\n<h3>Repr\u00e9sent\u00e9 par:<\/h3>\n<p>Marine Marine de Lannurien<br \/>\nJean-Philippe Bourgeois<\/p>\n<h3>Contact:<\/h3>\n<p>Email address: info@bougainvilleaibiza.com<br \/>\nPostal address: Bougainvillea Ibiza SL, Bartolome Vicente Ramon, 10, 07800 Ibiza<br \/>\nTelephone number: (+34) 664 443 433<\/p>\n<h2>Num\u00e9ro d&rsquo;identification de TVA:<\/h2>\n<p>CIF: B02814010<br \/>\nEuropean Sales tax identification number: ESB02814010<\/p>\n<h3>R\u00e8glement des diff\u00e9rends:<\/h3>\n<p>La Commission europ\u00e9enne fournit une plate-forme pour le r\u00e8glement des litiges en ligne (OS): https:\/\/ec.europa.eu\/consumers\/odr.<br \/>\nS&rsquo;il vous pla\u00eet trouver notre e-mail dans cette impression \/ notice l\u00e9gale.<\/p>\n<p>Nous ne prenons pas part aux r\u00e9solutions de conflits en ligne dans les conseils d&rsquo;arbitrage des consommateurs.<\/p>","protected":false},"excerpt":{"rendered":"<p>Bougainvillea Ibiza SL Bartolome Vicente Ramon, 10 07800 Ibiza Illes Baleares Repr\u00e9sent\u00e9 par: Marine Marine de Lannurien Jean-Philippe Bourgeois Contact: Email address: info@bougainvilleaibiza.com Postal address: Bougainvillea Ibiza SL, Bartolome Vicente Ramon, 10, 07800 Ibiza Telephone number: (+34) 664 443 433 Num\u00e9ro d&rsquo;identification de TVA: CIF: B02814010 European Sales tax identification number: ESB02814010 R\u00e8glement des diff\u00e9rends: [&hellip;]<\/p>\n","protected":false},"author":1,"featured_media":0,"parent":0,"menu_order":500,"comment_status":"closed","ping_status":"closed","template":"","meta":{"footnotes":""},"class_list":["post-373","page","type-page","status-publish","hentry"],"acf":[],"_links":{"self":[{"href":"https:\/\/bougainvilleaibiza.com\/fr\/wp-json\/wp\/v2\/pages\/373","targetHints":{"allow":["GET"]}}],"collection":[{"href":"https:\/\/bougainvilleaibiza.com\/fr\/wp-json\/wp\/v2\/pages"}],"about":[{"href":"https:\/\/bougainvilleaibiza.com\/fr\/wp-json\/wp\/v2\/types\/page"}],"author":[{"embeddable":true,"href":"https:\/\/bougainvilleaibiza.com\/fr\/wp-json\/wp\/v2\/users\/1"}],"replies":[{"embeddable":true,"href":"https:\/\/bougainvilleaibiza.com\/fr\/wp-json\/wp\/v2\/comments?post=373"}],"version-history":[{"count":5,"href":"https:\/\/bougainvilleaibiza.com\/fr\/wp-json\/wp\/v2\/pages\/373\/revisions"}],"predecessor-version":[{"id":675,"href":"https:\/\/bougainvilleaibiza.com\/fr\/wp-json\/wp\/v2\/pages\/373\/revisions\/675"}],"wp:attachment":[{"href":"https:\/\/bougainvilleaibiza.com\/fr\/wp-json\/wp\/v2\/media?parent=373"}],"curies":[{"name":"wp","href":"https:\/\/api.w.org\/{rel}","templated":true}]}}