{"id":401,"date":"2021-02-18T13:24:53","date_gmt":"2021-02-18T12:24:53","guid":{"rendered":"https:\/\/bougainvilleaibiza.com\/?page_id=401"},"modified":"2021-03-16T11:14:34","modified_gmt":"2021-03-16T10:14:34","slug":"cookie-policy","status":"publish","type":"page","link":"https:\/\/bougainvilleaibiza.com\/es\/cookie-policy\/","title":{"rendered":"Pol\u00edtica de Cookies"},"content":{"rendered":"<p><\/p>\n<div class=\"fusion-text\">\n<h3 data-fontsize=\"18\" data-lineheight=\"23\">C\u00f3mo utilizamos las cookies para mejorar su experiencia de navegaci\u00f3n en este sitio web.<\/h3>\n<\/div>\n<div class=\"fusion-text\">\n<p>En esta Pol\u00edtica de Cookies, cualquier uso de las palabras \u201custed\u201d, \u201csuyo\u201d o expresiones similares significar\u00e1 cualquier usuario de este sitio web en absoluto. T\u00e9rminos como \u201cnosotros\u201d, \u201cnos\u201d, \u201cnuestra\u201d o expresiones similares significar\u00e1n Bougainvillea Ibiza SL.<\/p>\n<p>Las cookies son peque\u00f1as piezas de informaci\u00f3n que su navegador almacena en el disco duro de su ordenador. A menudo se usan como un mecanismo para que los sitios web recuerden informaci\u00f3n \u00fatil, como sus datos de inicio de sesi\u00f3n, y pueden contribuir a la facilidad de uso cuando navegan en un sitio web. Nuestras cookies no pueden identificarle personalmente.<\/p>\n<p>Para obtener m\u00e1s informaci\u00f3n sobre las cookies en general, haga clic\u00a0<a href=\"http:\/\/www.whatarecookies.com\/\" target=\"_blank\" rel=\"noopener noreferrer\">click aqu\u00ed<\/a>.<\/p>\n<\/div>\n<div class=\"fusion-text\">\n<h3 data-fontsize=\"18\" data-lineheight=\"23\">C\u00d3MO USAMOS COOKIES<\/h3>\n<\/div>\n<div class=\"fusion-text\">\n<p>Las cookies en nuestro sitio web se utilizan para una variedad de prop\u00f3sitos diferentes, pero en general su uso se divide en las siguientes categor\u00edas:<\/p>\n<ul>\n<li>Cookies estrictamente necesarias: son necesarias para el funcionamiento de nuestro sitio web. Incluyen, por ejemplo, cookies que le permiten iniciar sesi\u00f3n en \u00e1reas seguras de nuestro sitio web.<\/li>\n<li>Cookies anal\u00edticas \/ de rendimiento: nos permiten reconocer y contar la cantidad de usuarios de nuestro sitio web y ver c\u00f3mo navegan esos usuarios a trav\u00e9s de nuestro sitio web. Esto ayuda a mejorar el funcionamiento de nuestro sitio web, por ejemplo, asegurando que los usuarios puedan encontrar lo que buscan f\u00e1cilmente.<\/li>\n<li>Cookies de funcionalidad: mejoran el rendimiento funcional de nuestro sitio web y lo hacen m\u00e1s f\u00e1cil de usar. Por ejemplo, tales cookies se utilizan para recordar que usted ha visitado previamente el sitio web y le solicit\u00f3 que permanezca conectado a \u00e9l, o su preferencia de idioma.<\/li>\n<\/ul>\n<p>La siguiente tabla enumera el uso de cookies en nuestro sitio web:<\/p>\n<\/div>\n<div class=\"fusion-text\">\n<h3 data-fontsize=\"18\" data-lineheight=\"23\">GESTI\u00d3N DE COOKIES<\/h3>\n<\/div>\n<div class=\"table-1\">\n<table width=\"100%\">\n<thead>\n<tr>\n<th align=\"left\">Nombre de los cookies<\/th>\n<th align=\"left\">Prop\u00f3sito<\/th>\n<\/tr>\n<\/thead>\n<tbody>\n<tr>\n<td align=\"left\">_ga<br \/>\n_gat<br \/>\n_gads<br \/>\n_dc_gtm_UA\u2026<\/td>\n<td align=\"left\">Estas cookies son utilizadas por Google Analytics nos permiten rastrear an\u00f3nimamente c\u00f3mo los visitantes acceden y navegan en nuestro sitio web, lo que nos permite optimizar y mejorar nuestro servicio. M\u00e1s informaci\u00f3n est\u00e1 disponible en:\u00a0<a href=\"https:\/\/policies.google.com\/privacy?hl=es\" target=\"_blank\" rel=\"noopener noreferrer\">Resumen de privacidad de Google<\/a><\/td>\n<\/tr>\n<tr>\n<td align=\"left\">pll_language<\/td>\n<td align=\"left\">Esta cookie almacena el c\u00f3digo que necesita para guardar su preferencia de idioma cuando navega por nuestro sitio.<\/td>\n<\/tr>\n<tr>\n<td align=\"left\">VISITOR_INFO1_LIVE<br \/>\nGPS<br \/>\nPREF<br \/>\nYSC<\/td>\n<td align=\"left\">Estas cookies son utilizadas por YouTube (Google) para almacenar las preferencias del usuario y otros fines no especificados. M\u00e1s informaci\u00f3n est\u00e1 disponible en:\u00a0<a href=\"https:\/\/policies.google.com\/privacy?hl=es\" target=\"_blank\" rel=\"noopener noreferrer\">https:\/\/policies.google.com\/privacy<\/a><\/td>\n<\/tr>\n<\/tbody>\n<\/table>\n<\/div>\n<p><\/p>","protected":false},"excerpt":{"rendered":"<p>C\u00f3mo utilizamos las cookies para mejorar su experiencia de navegaci\u00f3n en este sitio web. En esta Pol\u00edtica de Cookies, cualquier uso de las palabras \u201custed\u201d, \u201csuyo\u201d o expresiones similares significar\u00e1 cualquier usuario de este sitio web en absoluto. T\u00e9rminos como \u201cnosotros\u201d, \u201cnos\u201d, \u201cnuestra\u201d o expresiones similares significar\u00e1n Bougainvillea Ibiza SL. Las cookies son peque\u00f1as piezas [&hellip;]<\/p>\n","protected":false},"author":1,"featured_media":0,"parent":0,"menu_order":500,"comment_status":"closed","ping_status":"closed","template":"","meta":{"footnotes":""},"class_list":["post-401","page","type-page","status-publish","hentry"],"acf":[],"_links":{"self":[{"href":"https:\/\/bougainvilleaibiza.com\/es\/wp-json\/wp\/v2\/pages\/401","targetHints":{"allow":["GET"]}}],"collection":[{"href":"https:\/\/bougainvilleaibiza.com\/es\/wp-json\/wp\/v2\/pages"}],"about":[{"href":"https:\/\/bougainvilleaibiza.com\/es\/wp-json\/wp\/v2\/types\/page"}],"author":[{"embeddable":true,"href":"https:\/\/bougainvilleaibiza.com\/es\/wp-json\/wp\/v2\/users\/1"}],"replies":[{"embeddable":true,"href":"https:\/\/bougainvilleaibiza.com\/es\/wp-json\/wp\/v2\/comments?post=401"}],"version-history":[{"count":2,"href":"https:\/\/bougainvilleaibiza.com\/es\/wp-json\/wp\/v2\/pages\/401\/revisions"}],"predecessor-version":[{"id":611,"href":"https:\/\/bougainvilleaibiza.com\/es\/wp-json\/wp\/v2\/pages\/401\/revisions\/611"}],"wp:attachment":[{"href":"https:\/\/bougainvilleaibiza.com\/es\/wp-json\/wp\/v2\/media?parent=401"}],"curies":[{"name":"wp","href":"https:\/\/api.w.org\/{rel}","templated":true}]}}