{"id":399,"date":"2021-02-18T13:21:17","date_gmt":"2021-02-18T12:21:17","guid":{"rendered":"https:\/\/bougainvilleaibiza.com\/?page_id=399"},"modified":"2021-04-21T18:15:35","modified_gmt":"2021-04-21T16:15:35","slug":"disclaimer","status":"publish","type":"page","link":"https:\/\/bougainvilleaibiza.com\/es\/disclaimer\/","title":{"rendered":"Exclusi\u00f3n de responsabilidad"},"content":{"rendered":"<p><\/p>\n<h3>Responsabilidad por el contenido<\/h3>\n<p>Como proveedores de servicios, somos responsables de los contenidos propios de estos sitios web. Sin embargo, los proveedores de servicios no est\u00e1n obligados a monitorear permanentemente la informaci\u00f3n enviada o almacenada ni a buscar evidencias que indiquen actividades ilegales.<\/p>\n<p>Obligaciones legales para eliminar informaci\u00f3n o bloquear el uso de la informaci\u00f3n permanece sin respuesta. En este caso, la responsabilidad solo es posible en el momento del conocimiento sobre una violaci\u00f3n espec\u00edfica de la ley. Los contenidos ilegales se eliminar\u00e1n inmediatamente en el momento en que los conozcamos.<\/p>\n<h3>Responsabilidad por los enlaces<\/h3>\n<p>Nuestra oferta incluye enlaces a sitios web externos de terceros. No tenemos ninguna influencia sobre los contenidos de esos sitios web, por lo tanto, no podemos garantizar esos contenidos. Los proveedores o administradores de sitios web vinculados son siempre responsables de sus propios contenidos.<\/p>\n<p>Los sitios web vinculados hab\u00edan sido revisados \u200b\u200bpor posibles infracciones de la ley en el momento del establecimiento del enlace. Los contenidos ilegales no fueron detectados en el momento del enlace. No se puede imponer un control permanente de los contenidos de los sitios web vinculados sin indicaciones razonables de que ha habido una violaci\u00f3n de la ley. Los enlaces ilegales se eliminar\u00e1n inmediatamente en el momento en que los conozcamos.<\/p>\n<h3>Copyright<\/h3>\n<p>Los contenidos y las compilaciones publicados en estos sitios web por los proveedores est\u00e1n sujetos a las leyes de copyright espa\u00f1olas. La reproducci\u00f3n, edici\u00f3n, distribuci\u00f3n y el uso de cualquier tipo fuera del alcance de la ley de derechos de autor requieren un permiso por escrito del autor o creador. Las descargas y copias de estos sitios web est\u00e1n permitidas solo para uso privado.<br \/>\nSe proh\u00edbe el uso comercial de nuestros contenidos sin el permiso del autor.<\/p>\n<p>Las leyes de derechos de autor de terceros se respetan siempre que el contenido en estos sitios web no provienen del proveedor. Las contribuciones de terceros en este sitio se indican como tales. Sin embargo, si observa alguna violaci\u00f3n de la ley de derechos de autor, inf\u00f3rmenos. Dichos contenidos se eliminar\u00e1n inmediatamente.<\/p>","protected":false},"excerpt":{"rendered":"<p>Responsabilidad por el contenido Como proveedores de servicios, somos responsables de los contenidos propios de estos sitios web. Sin embargo, los proveedores de servicios no est\u00e1n obligados a monitorear permanentemente la informaci\u00f3n enviada o almacenada ni a buscar evidencias que indiquen actividades ilegales. Obligaciones legales para eliminar informaci\u00f3n o bloquear el uso de la informaci\u00f3n [&hellip;]<\/p>\n","protected":false},"author":1,"featured_media":0,"parent":0,"menu_order":500,"comment_status":"closed","ping_status":"closed","template":"","meta":{"footnotes":""},"class_list":["post-399","page","type-page","status-publish","hentry"],"acf":[],"_links":{"self":[{"href":"https:\/\/bougainvilleaibiza.com\/es\/wp-json\/wp\/v2\/pages\/399","targetHints":{"allow":["GET"]}}],"collection":[{"href":"https:\/\/bougainvilleaibiza.com\/es\/wp-json\/wp\/v2\/pages"}],"about":[{"href":"https:\/\/bougainvilleaibiza.com\/es\/wp-json\/wp\/v2\/types\/page"}],"author":[{"embeddable":true,"href":"https:\/\/bougainvilleaibiza.com\/es\/wp-json\/wp\/v2\/users\/1"}],"replies":[{"embeddable":true,"href":"https:\/\/bougainvilleaibiza.com\/es\/wp-json\/wp\/v2\/comments?post=399"}],"version-history":[{"count":4,"href":"https:\/\/bougainvilleaibiza.com\/es\/wp-json\/wp\/v2\/pages\/399\/revisions"}],"predecessor-version":[{"id":676,"href":"https:\/\/bougainvilleaibiza.com\/es\/wp-json\/wp\/v2\/pages\/399\/revisions\/676"}],"wp:attachment":[{"href":"https:\/\/bougainvilleaibiza.com\/es\/wp-json\/wp\/v2\/media?parent=399"}],"curies":[{"name":"wp","href":"https:\/\/api.w.org\/{rel}","templated":true}]}}