{"id":373,"date":"2021-02-15T19:07:46","date_gmt":"2021-02-15T18:07:46","guid":{"rendered":"https:\/\/bougainvilleaibiza.com\/?page_id=373"},"modified":"2021-04-21T18:13:33","modified_gmt":"2021-04-21T16:13:33","slug":"legal-note","status":"publish","type":"page","link":"https:\/\/bougainvilleaibiza.com\/es\/legal-note\/","title":{"rendered":"Aviso Legal"},"content":{"rendered":"<p>Bougainvillea Ibiza SL<br \/>\nBartolome Vicente Ramon, 10<br \/>\n07800 Ibiza<br \/>\nIlles Baleares<\/p>\n<h3>Representado por:<\/h3>\n<p>Marine Marine de Lannurien<br \/>\nJean-Philippe Bourgeois<\/p>\n<h3>Contacto:<\/h3>\n<p>Email: info@bougainvilleaibiza.com<br \/>\nDireccion: Bougainvillea Ibiza SL, Bartolome Vicente Ramon, 10, 07800 Ibiza<br \/>\nTel\u00e9fono: (+34) 664 443 433<\/p>\n<h3>N\u00famero de identificaci\u00f3n del IVA:<\/h3>\n<p>CIF: B02814010<br \/>\nEuropean Sales tax identification number: ESB02814010<\/p>\n<h3>Resoluci\u00f3n de conflictos:<\/h3>\n<p>La Comisi\u00f3n Europea proporciona una plataforma para la resoluci\u00f3n de disputas (OS) en l\u00ednea: https:\/\/ec.europa.eu\/consumers\/odr.<br \/>\nPor favor encuentre nuestro correo electr\u00f3nico en este aviso legal.<\/p>\n<p>No tomamos parte en las resoluciones de disputas en l\u00ednea en las juntas de arbitraje de consumidores.<\/p>","protected":false},"excerpt":{"rendered":"<p>Bougainvillea Ibiza SL Bartolome Vicente Ramon, 10 07800 Ibiza Illes Baleares Representado por: Marine Marine de Lannurien Jean-Philippe Bourgeois Contacto: Email: info@bougainvilleaibiza.com Direccion: Bougainvillea Ibiza SL, Bartolome Vicente Ramon, 10, 07800 Ibiza Tel\u00e9fono: (+34) 664 443 433 N\u00famero de identificaci\u00f3n del IVA: CIF: B02814010 European Sales tax identification number: ESB02814010 Resoluci\u00f3n de conflictos: La Comisi\u00f3n [&hellip;]<\/p>\n","protected":false},"author":1,"featured_media":0,"parent":0,"menu_order":500,"comment_status":"closed","ping_status":"closed","template":"","meta":{"footnotes":""},"class_list":["post-373","page","type-page","status-publish","hentry"],"acf":[],"_links":{"self":[{"href":"https:\/\/bougainvilleaibiza.com\/es\/wp-json\/wp\/v2\/pages\/373","targetHints":{"allow":["GET"]}}],"collection":[{"href":"https:\/\/bougainvilleaibiza.com\/es\/wp-json\/wp\/v2\/pages"}],"about":[{"href":"https:\/\/bougainvilleaibiza.com\/es\/wp-json\/wp\/v2\/types\/page"}],"author":[{"embeddable":true,"href":"https:\/\/bougainvilleaibiza.com\/es\/wp-json\/wp\/v2\/users\/1"}],"replies":[{"embeddable":true,"href":"https:\/\/bougainvilleaibiza.com\/es\/wp-json\/wp\/v2\/comments?post=373"}],"version-history":[{"count":5,"href":"https:\/\/bougainvilleaibiza.com\/es\/wp-json\/wp\/v2\/pages\/373\/revisions"}],"predecessor-version":[{"id":675,"href":"https:\/\/bougainvilleaibiza.com\/es\/wp-json\/wp\/v2\/pages\/373\/revisions\/675"}],"wp:attachment":[{"href":"https:\/\/bougainvilleaibiza.com\/es\/wp-json\/wp\/v2\/media?parent=373"}],"curies":[{"name":"wp","href":"https:\/\/api.w.org\/{rel}","templated":true}]}}